{"id":232,"date":"2020-07-18T18:19:05","date_gmt":"2020-07-18T16:19:05","guid":{"rendered":"https:\/\/datenschutzwissen.de\/wp\/?page_id=232"},"modified":"2025-07-14T08:08:54","modified_gmt":"2025-07-14T06:08:54","slug":"datenschutzseminare","status":"publish","type":"page","link":"https:\/\/datenschutzwissen.de\/wp\/datenschutzseminare\/","title":{"rendered":"Datenschutzseminare und -workshops"},"content":{"rendered":"<h1 class=\"entry-title\">Seminare und Workshops zur DSGVO, zum\u00a0 BDSG, zum TDDDG und zum Schweizer Datenschutzrecht<\/h1>\n<div class=\"entry-content\">\n<div id=\"attachment_58\" class=\"wp-caption alignleft\">\n<div id=\"attachment_17\" style=\"width: 190px\" class=\"wp-caption alignleft\"><img loading=\"lazy\" decoding=\"async\" aria-describedby=\"caption-attachment-17\" class=\"size-full wp-image-17\" src=\"https:\/\/datenschutzwissen.de\/wp\/wp-content\/uploads\/2016\/06\/2016-01-28-Goslar_Institut-Web.jpg\" alt=\"Werner H\u00fclsmann\" width=\"180\" height=\"273\" \/><p id=\"caption-attachment-17\" class=\"wp-caption-text\">\u00a9 http:\/\/goslar-institut.de<\/p><\/div>\n<p id=\"caption-attachment-58\" class=\"wp-caption-text\">\u00a9 http:\/\/goslar-institut.de<\/p>\n<\/div>\n<p>Als sachkundiger und praxiserfahrener Referent f\u00fcr Vortr\u00e4ge auf Konferenzen und Kongressen sowie f\u00fcr individuelle Seminare und Workshops rund um die seitdem 25. Mai 2018 g\u00fcltige EU-Datenschutz-Grundverordnung (DSGVO), die kommende EU-ePrivacy-Verordnung (ePrivVO) und das am 25. Mai 2018 in Kraft getretene neue Bundesdatenschutzgesetz (<a href=\"https:\/\/dsgvo.expert\/das-neue-bundesdatenschutzgesetz-bdsg-neu\/\">BDSG-neu<\/a>) stehe ich Ihnen gerne zur Verf\u00fcgung. Nehmen Sie Kontakt mit mir auf: <a href=\"mailto:wh@datenschutzwissen.de?subject=Seminar-\/Workshop-\/Vortragsanfrage\"><img loading=\"lazy\" decoding=\"async\" class=\"alignnone wp-image-226 size-full\" src=\"https:\/\/datenschutzwissen.de\/wp\/wp-content\/uploads\/2020\/06\/wh_at_datenschutzwissen_de.png\" alt=\"wh_at_datenschutzwissen_de\" width=\"151\" height=\"18\" \/><\/a>.<br \/>\n<a href=\"https:\/\/dsgvo.expert\/kontakt\/\"><strong>Zu meiner Person:<\/strong><\/a> Jahrgang 1961, Diplom-Informatiker mit Schwerpunkt Datenschutzrecht, seit 1983 mit dem Datenschutz besch\u00e4ftigt, seit 2004 selbst\u00e4ndiger Datenschutzberater und externer Datenschutzbeauftragter bei diversen Unternehmen, anerkannter Datenschutzsachverst\u00e4ndiger. Als Referent bin ich nicht nur regelm\u00e4\u00dfigbeim RKW Bayern e.V. (s.u.) t\u00e4tig, sondern werde auch von anderen Veranstaltern und Institutionen gebucht.<\/p>\n<h1 class=\"x93\">Datenschutz-Seminare und Workshops<\/h1>\n<p class=\"x93\">Alle nachfolgend genannten Seminare und Workshops zur\u00a0 EU-Datenschutz-Grundverordung (DSGVO) und dem BDSG-neu k\u00f6nnen Sie als individuell auf Ihr Bed\u00fcrfnisse zugeschnitten als Inhouse-Seminar oder -workshop f\u00fcr Ihr Unternehmen, ihre Institution buchen! Die Inhalte \u2013 und auch die Dauer \u2013 werden dabei individuell an die Anforderungen Ihres Unternehmens, Ihrer Institution angepa\u00dft. Ebenso sind weitere Seminare\u00a0 zum Beispiel zur Sensibiliseriung des Managements oder der Besch\u00e4ftigten sowie Workshops zur Unterst\u00fctzung bei der Umsetzung der DSGVO m\u00f6glich. Nehmen Sie hierzu bitte <a href=\"https:\/\/dsgvo.expert\/kontakt\/\">Kontakt<\/a> (E-Mail: <a href=\"mailto:wh@datenschutzwissen.de?subject=Seminar-\/Workshop-\/Vortragsanfrage\"><img loading=\"lazy\" decoding=\"async\" class=\"alignnone wp-image-226 size-full\" src=\"https:\/\/datenschutzwissen.de\/wp\/wp-content\/uploads\/2020\/06\/wh_at_datenschutzwissen_de.png\" alt=\"wh_at_datenschutzwissen_de\" width=\"151\" height=\"18\" \/><\/a>) mit mir auf. Ich erstelle Ihnen gerne ein individuelles Angebot!<\/p>\n<h2><strong>Kurzworkshops (jeweils 1\/2 Tag, online oder Pr\u00e4senz)<\/strong><\/h2>\n<ul>\n<li style=\"list-style-type: none;\">\n<ul>\n<li><strong>Umsetzung der Informationspflichten aus Art. 13\/14 und 21<\/strong> (1\/2 Tag, Termin &#8211; auch online &#8211; nach Vereinbarung<\/li>\n<li><strong>Standard-Vertragsklauseln der EU-Kommision<\/strong> (1\/2 Tag, Termin &#8211; auch online &#8211; nach Vereinbarung)<\/li>\n<li><a href=\"https:\/\/datenschutzwissen.de\/wp\/datenschutzseminare\/neues-schweizer-datenschutzrecht-2023\/\"><strong>Das ab 01. September 2023 g\u00fcltige Datenschutzrecht und seine Auswirkungen auf Unternehmen in der EU<\/strong><\/a> (1\/2 Tag, Termin &#8211; auch online &#8211; nach Vereinbarung)<\/li>\n<li><a href=\"https:\/\/datenschutzwissen.de\/wp\/datenschutzseminare\/neues-schweizer-datenschutzrecht-2023\/\"><strong>Das ab 01. September 2023 g\u00fcltige Datenschutzrecht und seine Auswirkungen auf Schweizer Unternehmen<\/strong><\/a> (1\/2 Tag, Termin \u2013 auch online \u2013 nach Vereinbarung)<\/li>\n<li><strong>Auftragsverarbeitung (Art. 28 DSGVO)<\/strong><\/li>\n<li><strong>Verzeichnis von Verarbeitungst\u00e4tigkeiten (Art. 30 DSGVO)<\/strong><\/li>\n<\/ul>\n<\/li>\n<\/ul>\n<h2><strong>Ein- und mehrt\u00e4gige Datenschutzseminare (online oder Pr\u00e4senz)<\/strong><\/h2>\n<ul>\n<li>Seminar <strong>Datenschutz f\u00fcr IT-ler:innen<\/strong> (1 Tag)<\/li>\n<li>Intensivseminar <strong>Datenschutz-Management<\/strong> (3 Tage Pr\u00e4senz oder 6 Vor- oder Nachmittage online &#8211; Terime nach Vereinbarung)<\/li>\n<li>Aufbauseminar <strong>Datenschutzbeauftragte\/r<\/strong> inkl. Pr\u00fcfung (2 Tage Pr\u00e4senz oder 4 Vor- oder Nachmittage online &#8211; Termine nach Vereinbarung; Voraussetzung: \u201eIntensivseminar Datenschutzmanagement\u201c)<\/li>\n<\/ul>\n<h2><strong>Ein- und mehrt\u00e4gige Datenschutzworkshops (online oder Pr\u00e4senz)<\/strong><\/h2>\n<ul>\n<li>Workshop Besch\u00e4ftigtendatenschutz<\/li>\n<li>Workshop Direktmarketing nach DSGVO, TDDDG und \u00a7 7 UWG<\/li>\n<\/ul>\n<h2><strong>Datenschutzsensibilisierungen, Datenschutz-Workshops und -Schulungen zur Unterweisung f\u00fcr die Besch\u00e4ftigten Ihres Unternehmens \u2013 als Live-Webinar<\/strong><\/h2>\n<p>Diese biete ich als Live-Webinar an. Die Inhalte der Live-Webinare werden an die konkreten Bed\u00fcrfnisse und Fragestellungen Ihres Unternehmen oder Ihrer Fachabteilung (wie z.B. Vertrieb\/Marketing, Personal, IT, Onlinemedien\/Social Media) angepasst. Die Live-Webinare dauern inklusive Zeit f\u00fcr R\u00fcckfragen \u2013 eine Stunde oder auch 90 Minuten \u2013 entsprechend der mit Ihnen abgestimmten Inhalte. Die Datenschutzsensibilisierungen werden in kleinen Gruppen (Idealgr\u00f6\u00dfe: max: 12 bis 15 TeilnehmerInnen) durchgef\u00fchrt.<\/p>\n<p>Bei Interesse nehmen Sie bitte\u00a0<strong><a href=\"https:\/\/datenschutzwissen.de\/wp\/kontakt\/\">Kontakt<\/a><\/strong> mit dem Datenschutzexperten Werner H\u00fclsmann auf. Danke!<\/p>\n<\/div>\n","protected":false},"excerpt":{"rendered":"<p>Seminare und Workshops zur DSGVO, zum\u00a0 BDSG, zum TDDDG und zum Schweizer Datenschutzrecht \u00a9 http:\/\/goslar-institut.de Als sachkundiger und praxiserfahrener Referent f\u00fcr Vortr\u00e4ge auf Konferenzen und Kongressen sowie f\u00fcr individuelle Seminare und Workshops rund um die seitdem 25. Mai 2018 g\u00fcltige &hellip; <a href=\"https:\/\/datenschutzwissen.de\/wp\/datenschutzseminare\/\">Weiterlesen <span class=\"meta-nav\">&rarr;<\/span><\/a><\/p>\n","protected":false},"author":1,"featured_media":0,"parent":0,"menu_order":31,"comment_status":"closed","ping_status":"closed","template":"","meta":{"footnotes":""},"class_list":["post-232","page","type-page","status-publish","hentry"],"_links":{"self":[{"href":"https:\/\/datenschutzwissen.de\/wp\/wp-json\/wp\/v2\/pages\/232","targetHints":{"allow":["GET"]}}],"collection":[{"href":"https:\/\/datenschutzwissen.de\/wp\/wp-json\/wp\/v2\/pages"}],"about":[{"href":"https:\/\/datenschutzwissen.de\/wp\/wp-json\/wp\/v2\/types\/page"}],"author":[{"embeddable":true,"href":"https:\/\/datenschutzwissen.de\/wp\/wp-json\/wp\/v2\/users\/1"}],"replies":[{"embeddable":true,"href":"https:\/\/datenschutzwissen.de\/wp\/wp-json\/wp\/v2\/comments?post=232"}],"version-history":[{"count":13,"href":"https:\/\/datenschutzwissen.de\/wp\/wp-json\/wp\/v2\/pages\/232\/revisions"}],"predecessor-version":[{"id":390,"href":"https:\/\/datenschutzwissen.de\/wp\/wp-json\/wp\/v2\/pages\/232\/revisions\/390"}],"wp:attachment":[{"href":"https:\/\/datenschutzwissen.de\/wp\/wp-json\/wp\/v2\/media?parent=232"}],"curies":[{"name":"wp","href":"https:\/\/api.w.org\/{rel}","templated":true}]}}